{"id":782,"date":"2022-02-01T10:58:24","date_gmt":"2022-02-01T10:58:24","guid":{"rendered":"https:\/\/riviera.adeprimo.com\/testeng\/"},"modified":"2022-02-01T10:58:24","modified_gmt":"2022-02-01T10:58:24","slug":"testeng","status":"publish","type":"page","link":"https:\/\/riviera-beta.adeprimo.com\/en\/testeng\/","title":{"rendered":"Testeng"},"content":{"rendered":"\n<div class=\"wp-block-columns is-layout-flex wp-container-core-columns-is-layout-9d6595d7 wp-block-columns-is-layout-flex\">\n<div class=\"wp-block-column is-layout-flow wp-block-column-is-layout-flow\" style=\"flex-basis:50%\">\n<div class=\"wp-block-riviera-inner-column riviera-inner-column  bottom-y-align\" data-min-ratio=\"1|1\"><div class=\"riviera-inner-column__content  saveur-sans-regular-small-title saveur-sans-regular-title     \" style=\"padding-top:;padding-bottom:;padding-right:;padding-left:;text-align:left;max-width:unset\" data-clear-margin-on-mobile=\"{&quot;top&quot;:&quot;&quot;,&quot;right&quot;:&quot;&quot;,&quot;bottom&quot;:&quot;&quot;,&quot;left&quot;:&quot;&quot;}\">\n<h2 class=\"has-text-align-center has-white-color has-text-color wp-block-heading\" id=\"stay-in-place\">Stay in place<\/h2>\n\n\n\n<div class=\"wp-block-buttons is-content-justification-center is-layout-flex wp-container-core-buttons-is-layout-16018d1d wp-block-buttons-is-layout-flex\">\n<div class=\"wp-block-button is-style-fill\"><a class=\"wp-block-button__link has-coral-background-color has-background\" href=\"https:\/\/riviera.adeprimo.com\/exempelpost\/\">test<\/a><\/div>\n<\/div>\n<\/div><div class=\"riviera-inner-column__background-media\"><img decoding=\"async\" class=\"riviera-inner-column__background-image\" srcset=\"https:\/\/riviera.adeprimo.com\/wp-content\/uploads\/2022\/02\/Copy-of-1J3B7365-fix1-800x533.jpg 800w, https:\/\/riviera.adeprimo.com\/wp-content\/uploads\/2022\/02\/Copy-of-1J3B7365-fix1-1200x800.jpg 1200w\" sizes=\"auto, (max-width: 500px) 800px, 1200px\" src=\"https:\/\/riviera.adeprimo.com\/wp-content\/uploads\/2022\/02\/Copy-of-1J3B7365-fix1-1200x800.jpg\" width=\"1200\" height=\"800\" alt=\"\" loading=\"lazy\" style=\"mix-blend-mode:none;object-position:center center\" data-max-quality=\"false\" data-max-quality-url=\"https:\/\/riviera.adeprimo.com\/wp-content\/uploads\/2022\/02\/Copy-of-1J3B7365-fix1-scaled.jpg\"\/><\/div><\/div>\n<\/div>\n\n\n\n<div class=\"wp-block-column is-layout-flow wp-block-column-is-layout-flow\" style=\"flex-basis:25%\">\n<div class=\"wp-block-riviera-inner-column riviera-inner-column  top-y-align\" data-min-ratio=\"unset\"><div class=\"riviera-inner-column__content  saveur-sans-regular-small-title saveur-sans-regular-title     left-x-align\" style=\"padding-top:;padding-bottom:;padding-right:;padding-left:;text-align:left;max-width:unset\" data-clear-margin-on-mobile=\"{&quot;top&quot;:&quot;&quot;,&quot;right&quot;:&quot;&quot;,&quot;bottom&quot;:&quot;&quot;,&quot;left&quot;:&quot;&quot;}\"><\/div><div class=\"riviera-inner-column__background-media\"><\/div><\/div>\r\n<\/div>\n\n\n\n<div class=\"wp-block-column is-layout-flow wp-block-column-is-layout-flow\" style=\"flex-basis:25%\">\n<div class=\"wp-block-riviera-inner-column riviera-inner-column  top-y-align\" data-min-ratio=\"unset\"><div class=\"riviera-inner-column__content  saveur-sans-regular-small-title saveur-sans-regular-title     left-x-align\" style=\"padding-top:;padding-bottom:;padding-right:;padding-left:;text-align:left;max-width:unset\" data-clear-margin-on-mobile=\"{&quot;top&quot;:&quot;&quot;,&quot;right&quot;:&quot;&quot;,&quot;bottom&quot;:&quot;&quot;,&quot;left&quot;:&quot;&quot;}\"><\/div><div class=\"riviera-inner-column__background-media\"><\/div><\/div>\r\n<\/div>\n<\/div>\n\n<div class=\"wp-block-riviera-hero hero\" style=\"background:rgba(0, 0, 0, 1)\"><div class=\"hero__content lust-title\">\n<h1 class=\"has-text-align-center has-white-color has-text-color wp-block-heading\" id=\"enjoy-the-rivieradone-differently\">Enjoy the riviera<br\/>done differently<\/h1>\n\n\n\n<h4 class=\"has-text-align-center has-white-color has-text-color wp-block-heading\" id=\"grand-opening-2023\" style=\"font-style:normal;font-weight:600\">Grand opening 2023<\/h4>\n<\/div><div class=\"hero__decor\" data-parallax=\"true\"><picture><source media=\"(max-width: 359px)\" srcset=\"https:\/\/riviera.adeprimo.com\/wp-content\/uploads\/2022\/01\/hattjej-korall-5-1800x778.jpg\"\/><source media=\"(min-width: 360px)\" srcset=\"https:\/\/riviera.adeprimo.com\/wp-content\/uploads\/2022\/01\/hattjej-korall-5.jpg\"\/><img fetchpriority=\"high\" decoding=\"async\" data-align=\"top\" class=\"hero__decor__image\" src=\"https:\/\/riviera.adeprimo.com\/wp-content\/uploads\/2022\/01\/hattjej-korall-5.jpg\" width=\"2500\" height=\"1080\" alt=\"#\" style=\"background:rgba(0, 0, 0, 1);mix-blend-mode:none\" loading=\"eager\"\/><\/picture><div class=\"riviera-inner-column__overlay\" style=\"background:rgba(0, 0, 0, 1);mix-blend-mode:none;opacity:0\"><\/div><\/div><\/div>\n\n<div class=\"wp-block-columns is-layout-flex wp-container-core-columns-is-layout-9d6595d7 wp-block-columns-is-layout-flex\">\n<div class=\"wp-block-column is-layout-flow wp-block-column-is-layout-flow\">\n<div class=\"wp-block-riviera-inner-column riviera-inner-column  top-y-align\" data-min-ratio=\"unset\"><div class=\"riviera-inner-column__content boxed saveur-sans-regular-small-title saveur-sans-regular-title     left-x-align\" style=\"padding-top:54px;padding-bottom:54px;padding-right:10.5%;padding-left:10.5%;text-align:left;margin-top:114px;margin-bottom:121px;background:rgba(0,0,0,0.5);max-width:1810px\" data-clear-margin-on-mobile=\"{&quot;top&quot;:114,&quot;right&quot;:&quot;&quot;,&quot;bottom&quot;:121,&quot;left&quot;:&quot;&quot;}\">\n<p class=\"has-text-align-center has-white-color has-text-color\">D\u00e4r Oslofjordens v\u00e5gor rullar in och m\u00f6ter strand och land v\u00e4xer nu en livfull och v\u00e4rldsvan resort med attityd fram. Vacay mode, Meetings och Celebrations Riviera-style har aldrig n\u00e5gonsin tidigare varit s\u00e5 n\u00e4ra och l\u00e4ttillg\u00e4ngligt.<\/p>\n\n\n\n<p class=\"has-text-align-center has-white-color has-text-color\">Hotel Riviera \u00f6ppnar juni 2023 i Moss.<\/p>\n\n\n\n<div class=\"wp-block-buttons is-content-justification-center is-layout-flex wp-container-core-buttons-is-layout-16018d1d wp-block-buttons-is-layout-flex\">\n<div class=\"wp-block-button aligncenter is-style-fill\"><a class=\"wp-block-button__link has-luminous-vivid-orange-to-vivid-red-gradient-background has-background\" href=\"https:\/\/riviera.adeprimo.com\/en\/\">Good vibes<\/a><\/div>\n<\/div>\n<\/div><div class=\"riviera-inner-column__background-media\"><video data-module=\"column-video\" class=\"riviera-inner-column__background-video\" autoplay playsinline preload=\"true\" muted loop style=\"mix-blend-mode:none;object-position:center center\"><source src=\"https:\/\/riviera.adeprimo.com\/wp-content\/uploads\/2022\/01\/pool-water-2.mp4\" type=\"video\/mp4\"\/><\/video><\/div><\/div>\n<\/div>\n<\/div>\n\n<div class=\"wp-block-riviera-newsletter riviera-column riviera-column--form\"><div class=\"riviera-form\"><div class=\"riviera-form__title\" data-fluid-child-title=\"7\" style=\"color:rgba(255, 232, 150, 1)\"><h2 class=\"riviera-form__title__title\">Lets get vibrant<\/h2><\/div><div class=\"riviera-column__inner riviera-column__inner--form riviera-form__wrap\" style=\"background:rgba(255, 255, 255, 1)\"><img decoding=\"async\" class=\"lace lace--top\" src=\"\/wp-content\/themes\/riviera\/static_assets\/images\/lace-long-white.png\" alt=\"#\"\/><img decoding=\"async\" class=\"lace lace--right\" src=\"\/wp-content\/themes\/riviera\/static_assets\/images\/lace-short-white.png\" alt=\"#\"\/><img decoding=\"async\" class=\"lace lace--bottom\" src=\"\/wp-content\/themes\/riviera\/static_assets\/images\/lace-long-white.png\" alt=\"#\"\/><img decoding=\"async\" class=\"lace lace--left\" src=\"\/wp-content\/themes\/riviera\/static_assets\/images\/lace-short-white.png\" alt=\"#\"\/><div class=\"riviera-form__wrap__content\"><div class=\"riviera-form__wrap__content__textblock\">\n<h4 class=\"wp-block-heading\" id=\"sign-up-join-the-journey-to-hotel-riviera\">Sign up &amp; join the journey to Hotel Riviera.<\/h4>\n\n\n\n<p>Du som signar upp tackar ja till att bli bjuden p\u00e5 nyhetsbrev fyllda med sk\u00f6n st\u00e4mning, senaste nytt, stylish erbjudanden och h\u00e4rlig inspiration fr\u00e5n oss som skapar en ny Riviera n\u00e4ra dig som du kan l\u00e4ngta till och njuta av om och om igen.<\/p>\n<\/div><div class=\"riviera-form__wrap__content__form\"><form class=\"newsletter-form\" action=\"#\" data-form=\"newsletter\" data-success=\"Thank you for your subscription\"><div class=\"newsletter-form__input-wrap newsletter-form__input-wrap--email\"><label class=\"newsletter-form__label\" for=\"mcemail\"><\/label><input class=\"newsletter-form__input newsletter-form__input--mail yellow-background\" type=\"email\" name=\"MERGE0\" id=\"MERGE0\" placeholder=\"E-mail\" data-error=\"Please anter a valid email address\"\/><\/div><div class=\"newsletter-form__input-wrap newsletter-form__input-wrap--button\"><input class=\"newsletter-form__input newsletter-form__input--button coral-background btn btn--square coral-background square\" type=\"submit\" name=\"mcsubmit\" id=\"mcsubmit\" value=\"Send\"\/><\/div><div class=\"form-interests-heading\"><p><strong>Jag vill f\u00e5 nyhetsbrev om<\/strong><\/p><\/div><div class=\"newsletter-form__input-wrap newsletter-form__input-wrap--check\"><label class=\"newsletter-form__label newsletter-form__label--check\" for=\"interest-first\"><input class=\"newsletter-form__input newsletter-form__input--check\" type=\"checkbox\" name=\"interest-first\" id=\"interest-first\"\/><span>Stay &amp; Vacay<\/span><\/label><\/div><div class=\"newsletter-form__input-wrap newsletter-form__input-wrap--check\"><label class=\"newsletter-form__label newsletter-form__label--check\" for=\"interest-second\"><input class=\"newsletter-form__input newsletter-form__input--check\" type=\"checkbox\" name=\"interest-second\" id=\"interest-second\"\/><span>Meetings &amp; Events<\/span><\/label><\/div><div class=\"checkbox-group-spacer\"><\/div><div class=\"newsletter-form__input-wrap newsletter-form__input-wrap--check\"><label class=\"newsletter-form__label newsletter-form__label--check\" for=\"MERGE6\"><input class=\"newsletter-form__input newsletter-form__input--check\" type=\"checkbox\" name=\"MERGE6\" id=\"MERGE6\" data-error=\"Agreement must be checked to continue\"\/><span>Jag vill ha brev<\/span><\/label><\/div><div id=\"newsletter-form__feedback\" class=\"newsletter-form__feedback\"><\/div><\/form><div class=\"riviera-form__wrap__content__terms\"><small>djh fjdhfj hdfjkfskhfk sfsfsfd<\/small><\/div><\/div><\/div><\/div><\/div><div class=\"riviera-column__inner__media riviera-column__inner__media--newsletter\" data-parallax=\"true\"><img decoding=\"async\" class=\"newsletter__decor__image\" srcset=\"https:\/\/riviera.adeprimo.com\/wp-content\/uploads\/2022\/01\/AdobeStock_461998641-copy-600x600.jpg 600w, https:\/\/riviera.adeprimo.com\/wp-content\/uploads\/2022\/01\/AdobeStock_461998641-copy-1200x981.jpg 1200w\" sizes=\"auto, (max-width: 500px) 600px, 1200px\" src=\"https:\/\/riviera.adeprimo.com\/wp-content\/uploads\/2022\/01\/AdobeStock_461998641-copy-1200x981.jpg\" width=\"1200\" height=\"981\" alt=\"\" loading=\"lazy\"\/><\/div><\/div>\n\n<div class=\"symbol-break\" class=\"wp-block-riviera-symbol-break\"><span class=\"symbol-break__symbol symbol-break__symbol--gradient-yellow-coral\">&amp;<\/span><\/div>\r\n\n<div class=\"wp-block-columns is-layout-flex wp-container-core-columns-is-layout-9d6595d7 wp-block-columns-is-layout-flex\">\n<div class=\"wp-block-column is-layout-flow wp-block-column-is-layout-flow\">\n<div class=\"wp-block-riviera-inner-column riviera-inner-column  top-y-align\" data-min-ratio=\"1|1\"><div class=\"riviera-inner-column__content  saveur-sans-regular-small-title saveur-sans-regular-title     left-x-align\" style=\"padding-top:;padding-bottom:;padding-right:;padding-left:;text-align:left;max-width:unset\" data-clear-margin-on-mobile=\"{&quot;top&quot;:&quot;&quot;,&quot;right&quot;:&quot;&quot;,&quot;bottom&quot;:&quot;&quot;,&quot;left&quot;:&quot;&quot;}\"><\/div><div class=\"riviera-inner-column__background-media\"><img decoding=\"async\" class=\"riviera-inner-column__background-image\" srcset=\"https:\/\/riviera.adeprimo.com\/wp-content\/uploads\/2022\/01\/1J3B1782-fix-copy.jpg 796w, https:\/\/riviera.adeprimo.com\/wp-content\/uploads\/2022\/01\/1J3B1782-fix-copy.jpg 796w\" sizes=\"auto, (max-width: 500px) 796px, 796px\" src=\"https:\/\/riviera.adeprimo.com\/wp-content\/uploads\/2022\/01\/1J3B1782-fix-copy.jpg\" width=\"796\" height=\"611\" alt=\"\" loading=\"lazy\" style=\"mix-blend-mode:none;object-position:center center\" data-max-quality=\"false\" data-max-quality-url=\"https:\/\/riviera.adeprimo.com\/wp-content\/uploads\/2022\/01\/1J3B1782-fix-copy.jpg\"\/><\/div><\/div>\r\n<\/div>\n\n\n\n<div class=\"wp-block-column is-layout-flow wp-block-column-is-layout-flow\">\n<div class=\"wp-block-riviera-inner-column riviera-inner-column  center-y-align\" data-min-ratio=\"unset\"><div class=\"riviera-inner-column__content  saveur-sans-regular-small-title lust-title     center-x-align\" style=\"padding-top:;padding-bottom:;padding-right:;padding-left:;text-align:left;margin-top:113px;margin-bottom:113px;max-width:unset\" data-clear-margin-on-mobile=\"{&quot;top&quot;:113,&quot;right&quot;:&quot;&quot;,&quot;bottom&quot;:113,&quot;left&quot;:&quot;&quot;}\">\n<h2 class=\"has-coral-color has-text-color has-huge-font-size wp-block-heading\" id=\"rivierameetings\">Riviera<br\/>Meetings<\/h2>\n\n\n\n<p class=\"has-white-color has-text-color\">Med influencer och vibes fr\u00e5n v\u00e4rldens rivieror blir Riviera Social Club din nya m\u00f6tesplats, en levande scen\/arena som \u00e4r ett givet val f\u00f6r konferenser, m\u00f6ten, n\u00e4tverkande, kick-offs och events.<\/p>\n<\/div><div class=\"riviera-inner-column__background-media\"><img decoding=\"async\" class=\"riviera-inner-column__background-image\" srcset=\"https:\/\/riviera.adeprimo.com\/wp-content\/uploads\/2022\/01\/graypattern-copy-1-800x531.jpg 800w, https:\/\/riviera.adeprimo.com\/wp-content\/uploads\/2022\/01\/graypattern-copy-1-1200x796.jpg 1200w\" sizes=\"auto, (max-width: 500px) 800px, 1200px\" src=\"https:\/\/riviera.adeprimo.com\/wp-content\/uploads\/2022\/01\/graypattern-copy-1-1200x796.jpg\" width=\"1200\" height=\"796\" alt=\"\" loading=\"lazy\" style=\"background:transparent;mix-blend-mode:none;object-position:center center\" data-max-quality=\"false\" data-max-quality-url=\"https:\/\/riviera.adeprimo.com\/wp-content\/uploads\/2022\/01\/graypattern-copy-1.jpg\"\/><div class=\"riviera-inner-column__overlay\" style=\"background:transparent;mix-blend-mode:none;opacity:1\"><\/div><\/div><\/div>\n<\/div>\n<\/div>\n\n<div class=\"wp-block-riviera-slider\"><header class=\"cropped-slider-header cropped-slider-header--inner\" data-module=\"cropped-push-right\"><div class=\"cropped-slider-header__heading none-link\"><h3><\/h3><\/div><div class=\"cropped-slider-header__sub-heading\"><span><\/span><span class=\"cropped-slider-header__social-icons-wrapper\"><\/span><\/div><\/header><div id=\"slider_riviera_1643712624154_cropped\" class=\"slider slider--cropped splide\" data-id=\"slider_riviera_1643712624154_cropped\" data-slider=\"cropped\" data-slides=\"4\"><div class=\"slider__track slider__track--cropped splide__track\" data-module=\"cropped-push-right\"><ul class=\"slider__list slider__list--cropped splide__list\"><li class=\"slider__slide slider__slide--cropped splide__slide\"><span class=\"slider__link\"><img decoding=\"async\" data-orientation=\"\" class=\"slider__image slider__image--cropped\" src=\"https:\/\/riviera.adeprimo.com\/wp-content\/uploads\/2022\/01\/6c9c416c-2299-4558-94ca-1dba09462dae.jpg\" width=\"350\" height=\"233\" data-index=\"0\" data-thumb=\"https:\/\/riviera.adeprimo.com\/wp-content\/uploads\/2022\/01\/6c9c416c-2299-4558-94ca-1dba09462dae-150x150.jpg\" loading=\"eager\"\/><\/span><\/li><li class=\"slider__slide slider__slide--cropped splide__slide\"><span class=\"slider__link\"><img decoding=\"async\" data-orientation=\"\" class=\"slider__image slider__image--cropped\" src=\"https:\/\/riviera.adeprimo.com\/wp-content\/uploads\/2022\/01\/66c6d94d-e9c6-41d0-ad66-cbc960f2c9fb.jpg\" width=\"350\" height=\"233\" data-index=\"1\" data-thumb=\"https:\/\/riviera.adeprimo.com\/wp-content\/uploads\/2022\/01\/66c6d94d-e9c6-41d0-ad66-cbc960f2c9fb-150x150.jpg\" loading=\"eager\"\/><\/span><\/li><li class=\"slider__slide slider__slide--cropped splide__slide\"><span class=\"slider__link\"><img decoding=\"async\" data-orientation=\"\" class=\"slider__image slider__image--cropped\" src=\"https:\/\/riviera.adeprimo.com\/wp-content\/uploads\/2022\/01\/hattjej-korall-3-600x900.jpg\" width=\"600\" height=\"900\" data-index=\"2\" data-thumb=\"https:\/\/riviera.adeprimo.com\/wp-content\/uploads\/2022\/01\/hattjej-korall-3-150x150.jpg\" loading=\"eager\"\/><\/span><\/li><\/ul><\/div><\/div><\/div>\r\n\n<div class=\"wp-block-riviera-fullscreen-slider riviera-fullscreen-slider\"><div class=\"splide\" data-slider=\"fullscreen\" data-arrows=\"true\" data-interval=\"1.5\" data-transition=\"loop\" id=\"riviera-fullscreen-slider_1643712733130_1643712849819_1643712854741_1643712859019\" data-id=\"riviera-fullscreen-slider_1643712733130_1643712849819_1643712854741_1643712859019\"><div class=\"splide__track\"><ul class=\"splide__list\"><li class=\"splide__slide\"><picture><source media=\"(max-width: 340px)\" srcset=\"https:\/\/riviera.adeprimo.com\/wp-content\/uploads\/2022\/02\/Copy-of-1J3B7365-fix1-1200x900.jpg\"\/><source media=\"(min-width: 341px)\" srcset=\"https:\/\/riviera.adeprimo.com\/wp-content\/uploads\/2022\/02\/Copy-of-1J3B7365-fix1-1600x1200.jpg\"\/><img loading=\"lazy\" decoding=\"async\" class=\"fullscreen-image\" src=\"https:\/\/riviera.adeprimo.com\/wp-content\/uploads\/2022\/02\/Copy-of-1J3B7365-fix1-1600x1200.jpg\" alt=\"\" width=\"2560\" height=\"1707\"\/><\/picture><\/li><li class=\"splide__slide\"><picture><source media=\"(max-width: 340px)\" srcset=\"https:\/\/riviera.adeprimo.com\/wp-content\/uploads\/2022\/02\/Copy-of-1J3B8577-fix-1-1200x900.jpg\"\/><source media=\"(min-width: 341px)\" srcset=\"https:\/\/riviera.adeprimo.com\/wp-content\/uploads\/2022\/02\/Copy-of-1J3B8577-fix-1-1600x1200.jpg\"\/><img loading=\"lazy\" decoding=\"async\" class=\"fullscreen-image\" src=\"https:\/\/riviera.adeprimo.com\/wp-content\/uploads\/2022\/02\/Copy-of-1J3B8577-fix-1-1600x1200.jpg\" alt=\"\" width=\"2560\" height=\"1707\"\/><\/picture><\/li><\/ul><\/div><\/div><\/div>\r\n","protected":false},"excerpt":{"rendered":"","protected":false},"author":1,"featured_media":0,"parent":0,"menu_order":0,"comment_status":"closed","ping_status":"closed","template":"","meta":{"_acf_changed":false,"footnotes":""},"class_list":["post-782","page","type-page","status-publish","hentry"],"acf":[],"yoast_head":"<!-- This site is optimized with the Yoast SEO plugin v27.3 - https:\/\/yoast.com\/product\/yoast-seo-wordpress\/ -->\n<title>Testeng - Riviera<\/title>\n<meta name=\"robots\" content=\"noindex, follow, max-snippet:-1, max-image-preview:large, max-video-preview:-1\" \/>\n<meta property=\"og:locale\" content=\"en_US\" \/>\n<meta property=\"og:type\" content=\"article\" \/>\n<meta property=\"og:title\" content=\"Testeng - Riviera\" \/>\n<meta property=\"og:url\" content=\"https:\/\/riviera-beta.adeprimo.com\/en\/testeng\/\" \/>\n<meta property=\"og:site_name\" content=\"Riviera\" \/>\n<meta property=\"og:image\" content=\"https:\/\/riviera.adeprimo.com\/wp-content\/uploads\/2022\/02\/Copy-of-1J3B7365-fix1-1200x800.jpg\" \/>\n<meta name=\"twitter:card\" content=\"summary_large_image\" \/>\n<meta name=\"twitter:label1\" content=\"Est. reading time\" \/>\n\t<meta name=\"twitter:data1\" content=\"1 minute\" \/>\n<script type=\"application\/ld+json\" class=\"yoast-schema-graph\">{\"@context\":\"https:\\\/\\\/schema.org\",\"@graph\":[{\"@type\":\"WebPage\",\"@id\":\"https:\\\/\\\/riviera-beta.adeprimo.com\\\/en\\\/testeng\\\/\",\"url\":\"https:\\\/\\\/riviera-beta.adeprimo.com\\\/en\\\/testeng\\\/\",\"name\":\"Testeng - Riviera\",\"isPartOf\":{\"@id\":\"https:\\\/\\\/riviera-beta.adeprimo.com\\\/en\\\/#website\"},\"primaryImageOfPage\":{\"@id\":\"https:\\\/\\\/riviera-beta.adeprimo.com\\\/en\\\/testeng\\\/#primaryimage\"},\"image\":{\"@id\":\"https:\\\/\\\/riviera-beta.adeprimo.com\\\/en\\\/testeng\\\/#primaryimage\"},\"thumbnailUrl\":\"https:\\\/\\\/riviera.adeprimo.com\\\/wp-content\\\/uploads\\\/2022\\\/02\\\/Copy-of-1J3B7365-fix1-1200x800.jpg\",\"datePublished\":\"2022-02-01T10:58:24+00:00\",\"breadcrumb\":{\"@id\":\"https:\\\/\\\/riviera-beta.adeprimo.com\\\/en\\\/testeng\\\/#breadcrumb\"},\"inLanguage\":\"en-US\",\"potentialAction\":[{\"@type\":\"ReadAction\",\"target\":[\"https:\\\/\\\/riviera-beta.adeprimo.com\\\/en\\\/testeng\\\/\"]}]},{\"@type\":\"ImageObject\",\"inLanguage\":\"en-US\",\"@id\":\"https:\\\/\\\/riviera-beta.adeprimo.com\\\/en\\\/testeng\\\/#primaryimage\",\"url\":\"https:\\\/\\\/riviera.adeprimo.com\\\/wp-content\\\/uploads\\\/2022\\\/02\\\/Copy-of-1J3B7365-fix1-1200x800.jpg\",\"contentUrl\":\"https:\\\/\\\/riviera.adeprimo.com\\\/wp-content\\\/uploads\\\/2022\\\/02\\\/Copy-of-1J3B7365-fix1-1200x800.jpg\"},{\"@type\":\"BreadcrumbList\",\"@id\":\"https:\\\/\\\/riviera-beta.adeprimo.com\\\/en\\\/testeng\\\/#breadcrumb\",\"itemListElement\":[{\"@type\":\"ListItem\",\"position\":1,\"name\":\"Home\",\"item\":\"https:\\\/\\\/riviera-beta.adeprimo.com\\\/en\\\/\"},{\"@type\":\"ListItem\",\"position\":2,\"name\":\"Testeng\"}]},{\"@type\":\"WebSite\",\"@id\":\"https:\\\/\\\/riviera-beta.adeprimo.com\\\/en\\\/#website\",\"url\":\"https:\\\/\\\/riviera-beta.adeprimo.com\\\/en\\\/\",\"name\":\"Riviera\",\"description\":\"Riviera utveckling\",\"potentialAction\":[{\"@type\":\"SearchAction\",\"target\":{\"@type\":\"EntryPoint\",\"urlTemplate\":\"https:\\\/\\\/riviera-beta.adeprimo.com\\\/en\\\/?s={search_term_string}\"},\"query-input\":{\"@type\":\"PropertyValueSpecification\",\"valueRequired\":true,\"valueName\":\"search_term_string\"}}],\"inLanguage\":\"en-US\"}]}<\/script>\n<!-- \/ Yoast SEO plugin. -->","yoast_head_json":{"title":"Testeng - Riviera","robots":{"index":"noindex","follow":"follow","max-snippet":"max-snippet:-1","max-image-preview":"max-image-preview:large","max-video-preview":"max-video-preview:-1"},"og_locale":"en_US","og_type":"article","og_title":"Testeng - Riviera","og_url":"https:\/\/riviera-beta.adeprimo.com\/en\/testeng\/","og_site_name":"Riviera","og_image":[{"url":"https:\/\/riviera.adeprimo.com\/wp-content\/uploads\/2022\/02\/Copy-of-1J3B7365-fix1-1200x800.jpg","type":"","width":"","height":""}],"twitter_card":"summary_large_image","twitter_misc":{"Est. reading time":"1 minute"},"schema":{"@context":"https:\/\/schema.org","@graph":[{"@type":"WebPage","@id":"https:\/\/riviera-beta.adeprimo.com\/en\/testeng\/","url":"https:\/\/riviera-beta.adeprimo.com\/en\/testeng\/","name":"Testeng - Riviera","isPartOf":{"@id":"https:\/\/riviera-beta.adeprimo.com\/en\/#website"},"primaryImageOfPage":{"@id":"https:\/\/riviera-beta.adeprimo.com\/en\/testeng\/#primaryimage"},"image":{"@id":"https:\/\/riviera-beta.adeprimo.com\/en\/testeng\/#primaryimage"},"thumbnailUrl":"https:\/\/riviera.adeprimo.com\/wp-content\/uploads\/2022\/02\/Copy-of-1J3B7365-fix1-1200x800.jpg","datePublished":"2022-02-01T10:58:24+00:00","breadcrumb":{"@id":"https:\/\/riviera-beta.adeprimo.com\/en\/testeng\/#breadcrumb"},"inLanguage":"en-US","potentialAction":[{"@type":"ReadAction","target":["https:\/\/riviera-beta.adeprimo.com\/en\/testeng\/"]}]},{"@type":"ImageObject","inLanguage":"en-US","@id":"https:\/\/riviera-beta.adeprimo.com\/en\/testeng\/#primaryimage","url":"https:\/\/riviera.adeprimo.com\/wp-content\/uploads\/2022\/02\/Copy-of-1J3B7365-fix1-1200x800.jpg","contentUrl":"https:\/\/riviera.adeprimo.com\/wp-content\/uploads\/2022\/02\/Copy-of-1J3B7365-fix1-1200x800.jpg"},{"@type":"BreadcrumbList","@id":"https:\/\/riviera-beta.adeprimo.com\/en\/testeng\/#breadcrumb","itemListElement":[{"@type":"ListItem","position":1,"name":"Home","item":"https:\/\/riviera-beta.adeprimo.com\/en\/"},{"@type":"ListItem","position":2,"name":"Testeng"}]},{"@type":"WebSite","@id":"https:\/\/riviera-beta.adeprimo.com\/en\/#website","url":"https:\/\/riviera-beta.adeprimo.com\/en\/","name":"Riviera","description":"Riviera utveckling","potentialAction":[{"@type":"SearchAction","target":{"@type":"EntryPoint","urlTemplate":"https:\/\/riviera-beta.adeprimo.com\/en\/?s={search_term_string}"},"query-input":{"@type":"PropertyValueSpecification","valueRequired":true,"valueName":"search_term_string"}}],"inLanguage":"en-US"}]}},"publishpress_future_action":{"enabled":false,"date":"2026-04-23 02:41:58","action":"change-status","newStatus":"draft","terms":[],"taxonomy":"translation_priority","extraData":[]},"publishpress_future_workflow_manual_trigger":{"enabledWorkflows":[]},"_links":{"self":[{"href":"https:\/\/riviera-beta.adeprimo.com\/en\/wp-json\/wp\/v2\/pages\/782","targetHints":{"allow":["GET"]}}],"collection":[{"href":"https:\/\/riviera-beta.adeprimo.com\/en\/wp-json\/wp\/v2\/pages"}],"about":[{"href":"https:\/\/riviera-beta.adeprimo.com\/en\/wp-json\/wp\/v2\/types\/page"}],"author":[{"embeddable":true,"href":"https:\/\/riviera-beta.adeprimo.com\/en\/wp-json\/wp\/v2\/users\/1"}],"replies":[{"embeddable":true,"href":"https:\/\/riviera-beta.adeprimo.com\/en\/wp-json\/wp\/v2\/comments?post=782"}],"version-history":[{"count":2,"href":"https:\/\/riviera-beta.adeprimo.com\/en\/wp-json\/wp\/v2\/pages\/782\/revisions"}],"predecessor-version":[{"id":788,"href":"https:\/\/riviera-beta.adeprimo.com\/en\/wp-json\/wp\/v2\/pages\/782\/revisions\/788"}],"wp:attachment":[{"href":"https:\/\/riviera-beta.adeprimo.com\/en\/wp-json\/wp\/v2\/media?parent=782"}],"curies":[{"name":"wp","href":"https:\/\/api.w.org\/{rel}","templated":true}]}}