{"id":784,"date":"2022-02-01T11:01:25","date_gmt":"2022-02-01T11:01:25","guid":{"rendered":"https:\/\/riviera.adeprimo.com\/pool-wellness\/"},"modified":"2022-02-01T11:01:30","modified_gmt":"2022-02-01T11:01:30","slug":"pool-wellness","status":"publish","type":"page","link":"https:\/\/riviera-beta.adeprimo.com\/en\/pool-wellness\/","title":{"rendered":"Pool &#038; Wellness"},"content":{"rendered":"\n<div class=\"wp-block-columns is-layout-flex wp-container-core-columns-is-layout-9d6595d7 wp-block-columns-is-layout-flex\">\n<div class=\"wp-block-column is-layout-flow wp-block-column-is-layout-flow\">\n<div class=\"wp-block-riviera-inner-column riviera-inner-column  top-y-align\" data-min-ratio=\"unset\"><div class=\"riviera-inner-column__content  saveur-sans-regular-small-title lust-title     left-x-align\" style=\"padding-top:;padding-bottom:;padding-right:;padding-left:;text-align:left;max-width:unset\" data-clear-margin-on-mobile=\"{&quot;top&quot;:&quot;&quot;,&quot;right&quot;:&quot;&quot;,&quot;bottom&quot;:&quot;&quot;,&quot;left&quot;:&quot;&quot;}\">\n<h4 class=\"has-white-color has-text-color wp-block-heading\" id=\"pool-wellness\">Pool &amp; Wellness<\/h4>\n\n\n\n<h2 class=\"has-white-color has-text-color has-huge-font-size wp-block-heading\" id=\"get-to-the-top\"><strong>Get to the top!<\/strong><\/h2>\n\n\n\n<p class=\"has-white-color has-text-color\">Ta heisen opp til \u00f8verste etasje, 11. etasje. Her venter den ultimate time-out, en frisone fra hverdagen &#8211; en rooftop Pool &amp; Wellness Club med attitude og eleganse. En oase for mingling, bassengliv, egentid, oppladning, bevegelse, relax og energi \u00e5ret rundt.<\/p>\n<\/div><div class=\"riviera-inner-column__background-media\"><img decoding=\"async\" class=\"riviera-inner-column__background-image\" srcset=\"https:\/\/riviera.adeprimo.com\/wp-content\/uploads\/2022\/01\/Rektangel-6-copy.jpg 905w, https:\/\/riviera.adeprimo.com\/wp-content\/uploads\/2022\/01\/Rektangel-6-copy.jpg 905w\" sizes=\"auto, (max-width: 500px) 905px, 905px\" src=\"https:\/\/riviera.adeprimo.com\/wp-content\/uploads\/2022\/01\/Rektangel-6-copy.jpg\" width=\"905\" height=\"647\" alt=\"\" loading=\"lazy\" style=\"mix-blend-mode:none;object-position:center center\" data-max-quality=\"false\" data-max-quality-url=\"https:\/\/riviera.adeprimo.com\/wp-content\/uploads\/2022\/01\/Rektangel-6-copy.jpg\"\/><\/div><\/div>\n<\/div>\n\n\n\n<div class=\"wp-block-column is-layout-flow wp-block-column-is-layout-flow\">\n<div class=\"wp-block-riviera-inner-column riviera-inner-column  top-y-align\" data-min-ratio=\"2|3\"><div class=\"riviera-inner-column__content  saveur-sans-regular-small-title saveur-sans-regular-title     left-x-align\" style=\"padding-top:;padding-bottom:;padding-right:;padding-left:;text-align:left;max-width:unset\" data-clear-margin-on-mobile=\"{&quot;top&quot;:&quot;&quot;,&quot;right&quot;:&quot;&quot;,&quot;bottom&quot;:&quot;&quot;,&quot;left&quot;:&quot;&quot;}\"><\/div><div class=\"riviera-inner-column__background-media\"><img decoding=\"async\" class=\"riviera-inner-column__background-image\" srcset=\"https:\/\/riviera.adeprimo.com\/wp-content\/uploads\/2022\/02\/Copy-of-1J3B9244-fix1-x-2-533x800.jpg 533w, https:\/\/riviera.adeprimo.com\/wp-content\/uploads\/2022\/02\/Copy-of-1J3B9244-fix1-x-2-800x1200.jpg 800w\" sizes=\"auto, (max-width: 500px) 533px, 800px\" src=\"https:\/\/riviera.adeprimo.com\/wp-content\/uploads\/2022\/02\/Copy-of-1J3B9244-fix1-x-2-800x1200.jpg\" width=\"800\" height=\"1200\" alt=\"\" loading=\"lazy\" style=\"mix-blend-mode:none;object-position:center center\" data-max-quality=\"false\" data-max-quality-url=\"https:\/\/riviera.adeprimo.com\/wp-content\/uploads\/2022\/02\/Copy-of-1J3B9244-fix1-x-2-scaled.jpg\"\/><\/div><\/div>\r\n<\/div>\n<\/div>\n\n<div class=\"wp-block-columns is-layout-flex wp-container-core-columns-is-layout-9d6595d7 wp-block-columns-is-layout-flex\">\n<div class=\"wp-block-column is-layout-flow wp-block-column-is-layout-flow\" style=\"flex-basis:50%\">\n<div class=\"wp-block-riviera-inner-column riviera-inner-column  bottom-y-align\" data-min-ratio=\"unset\"><div class=\"riviera-inner-column__content  saveur-sans-regular-small-title saveur-sans-regular-title     center-x-align\" style=\"padding-top:;padding-bottom:;padding-right:;padding-left:;text-align:left;max-width:unset\" data-clear-margin-on-mobile=\"{&quot;top&quot;:&quot;&quot;,&quot;right&quot;:&quot;&quot;,&quot;bottom&quot;:&quot;&quot;,&quot;left&quot;:&quot;&quot;}\">\n<h2 class=\"has-white-color has-text-color wp-block-heading\" id=\"let-s-go\">Let\u00b4s GO<\/h2>\n\n\n\n<div class=\"wp-block-buttons is-content-justification-right is-layout-flex wp-container-core-buttons-is-layout-765c4724 wp-block-buttons-is-layout-flex\">\n<div class=\"wp-block-button aligncenter\"><a class=\"wp-block-button__link has-luminous-vivid-orange-to-vivid-red-gradient-background has-background\">Enjoy!<\/a><\/div>\n<\/div>\n<\/div><div class=\"riviera-inner-column__background-media\"><img decoding=\"async\" class=\"riviera-inner-column__background-image\" srcset=\"https:\/\/riviera.adeprimo.com\/wp-content\/uploads\/2022\/02\/Copy-of-1J3B9712-fix-533x800.jpg 533w, https:\/\/riviera.adeprimo.com\/wp-content\/uploads\/2022\/02\/Copy-of-1J3B9712-fix-800x1200.jpg 800w\" sizes=\"auto, (max-width: 500px) 533px, 800px\" src=\"https:\/\/riviera.adeprimo.com\/wp-content\/uploads\/2022\/02\/Copy-of-1J3B9712-fix-800x1200.jpg\" width=\"800\" height=\"1200\" alt=\"\" loading=\"lazy\" style=\"mix-blend-mode:none;object-position:center center\" data-max-quality=\"false\" data-max-quality-url=\"https:\/\/riviera.adeprimo.com\/wp-content\/uploads\/2022\/02\/Copy-of-1J3B9712-fix-scaled.jpg\"\/><\/div><\/div>\n<\/div>\n\n\n\n<div class=\"wp-block-column is-layout-flow wp-block-column-is-layout-flow\" style=\"flex-basis:25%\">\n<div class=\"wp-block-riviera-inner-column riviera-inner-column  top-y-align\" data-min-ratio=\"unset\"><div class=\"riviera-inner-column__content  saveur-sans-regular-small-title saveur-sans-regular-title     left-x-align\" style=\"padding-top:;padding-bottom:;padding-right:;padding-left:;text-align:left;max-width:unset\" data-clear-margin-on-mobile=\"{&quot;top&quot;:&quot;&quot;,&quot;right&quot;:&quot;&quot;,&quot;bottom&quot;:&quot;&quot;,&quot;left&quot;:&quot;&quot;}\">\n<p><strong>Long live the pool season<\/strong><\/p>\n\n\n\n<p>N\u00e5r du nyter den varme infinitypoolen med vakker panoramutsikt over Jel\u00f8ya og Oslofjorden og med baren f\u00e5 meter fra bassengkanten finner du fort ferief\u00f8lelsen. Kanskje har du og dine venner pulserende samv\u00e6r p\u00e5 terrassen med bobler eller frisk og fruktig drink i glassene kombinert med kule rytmer og gode beats.<\/p>\n<\/div><div class=\"riviera-inner-column__background-media\"><img decoding=\"async\" class=\"riviera-inner-column__background-image\" srcset=\"https:\/\/riviera.adeprimo.com\/wp-content\/uploads\/2022\/01\/AdobeStock_280054672-copy-800x531.jpg 800w, https:\/\/riviera.adeprimo.com\/wp-content\/uploads\/2022\/01\/AdobeStock_280054672-copy-1200x796.jpg 1200w\" sizes=\"auto, (max-width: 500px) 800px, 1200px\" src=\"https:\/\/riviera.adeprimo.com\/wp-content\/uploads\/2022\/01\/AdobeStock_280054672-copy-1200x796.jpg\" width=\"1200\" height=\"796\" alt=\"\" loading=\"lazy\" style=\"mix-blend-mode:none;object-position:center center\" data-max-quality=\"false\" data-max-quality-url=\"https:\/\/riviera.adeprimo.com\/wp-content\/uploads\/2022\/01\/AdobeStock_280054672-copy.jpg\"\/><\/div><\/div>\n<\/div>\n\n\n\n<div class=\"wp-block-column is-layout-flow wp-block-column-is-layout-flow\" style=\"flex-basis:25%\">\n<div class=\"wp-block-riviera-inner-column riviera-inner-column  top-y-align\" data-min-ratio=\"unset\"><div class=\"riviera-inner-column__content  saveur-sans-regular-small-title saveur-sans-regular-title     left-x-align\" style=\"padding-top:;padding-bottom:;padding-right:;padding-left:;text-align:left;max-width:unset\" data-clear-margin-on-mobile=\"{&quot;top&quot;:&quot;&quot;,&quot;right&quot;:&quot;&quot;,&quot;bottom&quot;:&quot;&quot;,&quot;left&quot;:&quot;&quot;}\"><\/div><div class=\"riviera-inner-column__background-media\"><video data-module=\"column-video\" class=\"riviera-inner-column__background-video\" autoplay playsinline preload=\"true\" muted loop style=\"mix-blend-mode:none;object-position:center center\"><source src=\"https:\/\/riviera.adeprimo.com\/wp-content\/uploads\/2022\/01\/pool-water-2.mp4\" type=\"video\/mp4\"\/><\/video><\/div><\/div>\r\n<\/div>\n<\/div>\n\n<div class=\"wp-block-riviera-slider\"><header class=\"cropped-slider-header cropped-slider-header--inner\" data-module=\"cropped-push-right\"><div class=\"cropped-slider-header__heading none-link\"><h3><\/h3><\/div><div class=\"cropped-slider-header__sub-heading\"><span><\/span><span class=\"cropped-slider-header__social-icons-wrapper\"><\/span><\/div><\/header><div id=\"slider_riviera_1643712664248_cropped\" class=\"slider slider--cropped splide\" data-id=\"slider_riviera_1643712664248_cropped\" data-slider=\"cropped\" data-slides=\"12\"><div class=\"slider__track slider__track--cropped splide__track\" data-module=\"cropped-push-right\"><ul class=\"slider__list slider__list--cropped splide__list\"><li class=\"slider__slide slider__slide--cropped splide__slide\"><span class=\"slider__link\"><img fetchpriority=\"high\" decoding=\"async\" data-orientation=\"\" class=\"slider__image slider__image--cropped\" src=\"https:\/\/riviera.adeprimo.com\/wp-content\/uploads\/2022\/01\/hattjej-korall-swide-3-600x691.jpg\" width=\"600\" height=\"691\" data-index=\"0\" data-thumb=\"https:\/\/riviera.adeprimo.com\/wp-content\/uploads\/2022\/01\/hattjej-korall-swide-3-150x150.jpg\" loading=\"eager\"\/><\/span><\/li><li class=\"slider__slide slider__slide--cropped splide__slide\"><span class=\"slider__link\"><img decoding=\"async\" data-orientation=\"\" class=\"slider__image slider__image--cropped\" src=\"https:\/\/riviera.adeprimo.com\/wp-content\/uploads\/2022\/02\/Copy-of-1J3B8471-fix-w-600x900.jpg\" width=\"600\" height=\"900\" data-index=\"1\" data-thumb=\"https:\/\/riviera.adeprimo.com\/wp-content\/uploads\/2022\/02\/Copy-of-1J3B8471-fix-w-150x150.jpg\" loading=\"eager\"\/><\/span><\/li><li class=\"slider__slide slider__slide--cropped splide__slide\"><span class=\"slider__link\"><img decoding=\"async\" data-orientation=\"\" class=\"slider__image slider__image--cropped\" src=\"https:\/\/riviera.adeprimo.com\/wp-content\/uploads\/2022\/02\/Copy-of-1J3B8564-fix-600x900.jpg\" width=\"600\" height=\"900\" data-index=\"2\" data-thumb=\"https:\/\/riviera.adeprimo.com\/wp-content\/uploads\/2022\/02\/Copy-of-1J3B8564-fix-150x150.jpg\" loading=\"eager\"\/><\/span><\/li><li class=\"slider__slide slider__slide--cropped splide__slide\"><span class=\"slider__link\"><img decoding=\"async\" data-orientation=\"\" class=\"slider__image slider__image--cropped\" src=\"https:\/\/riviera.adeprimo.com\/wp-content\/uploads\/2022\/02\/Copy-of-1J3B8670-fix-600x900.jpg\" width=\"600\" height=\"900\" data-index=\"3\" data-thumb=\"https:\/\/riviera.adeprimo.com\/wp-content\/uploads\/2022\/02\/Copy-of-1J3B8670-fix-150x150.jpg\" loading=\"eager\"\/><\/span><\/li><li class=\"slider__slide slider__slide--cropped splide__slide\"><span class=\"slider__link\"><img decoding=\"async\" data-orientation=\"\" class=\"slider__image slider__image--cropped\" src=\"https:\/\/riviera.adeprimo.com\/wp-content\/uploads\/2022\/02\/Copy-of-1J3B8296-fix-600x900.jpg\" width=\"600\" height=\"900\" data-index=\"4\" data-thumb=\"https:\/\/riviera.adeprimo.com\/wp-content\/uploads\/2022\/02\/Copy-of-1J3B8296-fix-150x150.jpg\" loading=\"eager\"\/><\/span><\/li><li class=\"slider__slide slider__slide--cropped splide__slide\"><span class=\"slider__link\"><img decoding=\"async\" data-orientation=\"\" class=\"slider__image slider__image--cropped\" src=\"https:\/\/riviera.adeprimo.com\/wp-content\/uploads\/2022\/02\/Copy-of-1J3B9712-fix-600x900.jpg\" width=\"600\" height=\"900\" data-index=\"5\" data-thumb=\"https:\/\/riviera.adeprimo.com\/wp-content\/uploads\/2022\/02\/Copy-of-1J3B9712-fix-150x150.jpg\" loading=\"eager\"\/><\/span><\/li><li class=\"slider__slide slider__slide--cropped splide__slide\"><span class=\"slider__link\"><img decoding=\"async\" data-orientation=\"\" class=\"slider__image slider__image--cropped\" src=\"https:\/\/riviera.adeprimo.com\/wp-content\/uploads\/2022\/02\/Copy-of-1J3B8577-fix-1-600x900.jpg\" width=\"600\" height=\"900\" data-index=\"6\" data-thumb=\"https:\/\/riviera.adeprimo.com\/wp-content\/uploads\/2022\/02\/Copy-of-1J3B8577-fix-1-150x150.jpg\" loading=\"eager\"\/><\/span><\/li><li class=\"slider__slide slider__slide--cropped splide__slide\"><span class=\"slider__link\"><img decoding=\"async\" data-orientation=\"\" class=\"slider__image slider__image--cropped\" src=\"https:\/\/riviera.adeprimo.com\/wp-content\/uploads\/2022\/02\/Copy-of-1J3B8734-fix-600x900.jpg\" width=\"600\" height=\"900\" data-index=\"7\" data-thumb=\"https:\/\/riviera.adeprimo.com\/wp-content\/uploads\/2022\/02\/Copy-of-1J3B8734-fix-150x150.jpg\" loading=\"eager\"\/><\/span><\/li><li class=\"slider__slide slider__slide--cropped splide__slide\"><span class=\"slider__link\"><img decoding=\"async\" data-orientation=\"\" class=\"slider__image slider__image--cropped\" src=\"https:\/\/riviera.adeprimo.com\/wp-content\/uploads\/2022\/02\/Copy-of-1J3B9173.-fixjpg-1-600x900.jpg\" width=\"600\" height=\"900\" data-index=\"8\" data-thumb=\"https:\/\/riviera.adeprimo.com\/wp-content\/uploads\/2022\/02\/Copy-of-1J3B9173.-fixjpg-1-150x150.jpg\" loading=\"eager\"\/><\/span><\/li><li class=\"slider__slide slider__slide--cropped splide__slide\"><span class=\"slider__link\"><img decoding=\"async\" data-orientation=\"\" class=\"slider__image slider__image--cropped\" src=\"https:\/\/riviera.adeprimo.com\/wp-content\/uploads\/2022\/02\/Copy-of-1J3B9244-fix1-x-1-600x900.jpg\" width=\"600\" height=\"900\" data-index=\"9\" data-thumb=\"https:\/\/riviera.adeprimo.com\/wp-content\/uploads\/2022\/02\/Copy-of-1J3B9244-fix1-x-1-150x150.jpg\" loading=\"eager\"\/><\/span><\/li><li class=\"slider__slide slider__slide--cropped splide__slide\"><span class=\"slider__link\"><img decoding=\"async\" data-orientation=\"\" class=\"slider__image slider__image--cropped\" src=\"https:\/\/riviera.adeprimo.com\/wp-content\/uploads\/2022\/02\/Copy-of-1J3B9249-fix-1-600x900.jpg\" width=\"600\" height=\"900\" data-index=\"10\" data-thumb=\"https:\/\/riviera.adeprimo.com\/wp-content\/uploads\/2022\/02\/Copy-of-1J3B9249-fix-1-150x150.jpg\" loading=\"eager\"\/><\/span><\/li><\/ul><\/div><\/div><\/div>\r\n\n<div class=\"wp-block-riviera-fullscreen-slider riviera-fullscreen-slider\"><div class=\"splide\" data-slider=\"fullscreen\" data-arrows=\"false\" data-interval=\"5\" data-transition=\"slide\" id=\"riviera-fullscreen-slider_1643712718478_1643712733894_1643712759560_1643712769666\" data-id=\"riviera-fullscreen-slider_1643712718478_1643712733894_1643712759560_1643712769666\"><div class=\"splide__track\"><ul class=\"splide__list\"><li class=\"splide__slide\"><picture><source media=\"(max-width: 340px)\" srcset=\"https:\/\/riviera.adeprimo.com\/wp-content\/uploads\/2022\/02\/Copy-of-1J3B7421-fix-1200x900.jpg\"\/><source media=\"(min-width: 341px)\" srcset=\"https:\/\/riviera.adeprimo.com\/wp-content\/uploads\/2022\/02\/Copy-of-1J3B7421-fix-1600x1200.jpg\"\/><img loading=\"lazy\" decoding=\"async\" class=\"fullscreen-image\" src=\"https:\/\/riviera.adeprimo.com\/wp-content\/uploads\/2022\/02\/Copy-of-1J3B7421-fix-1600x1200.jpg\" alt=\"\" width=\"2560\" height=\"1080\"\/><\/picture><\/li><li class=\"splide__slide\"><picture><source media=\"(max-width: 340px)\" srcset=\"https:\/\/riviera.adeprimo.com\/wp-content\/uploads\/2022\/02\/Copy-of-1J3B9173.-fixjpg-1-1200x900.jpg\"\/><source media=\"(min-width: 341px)\" srcset=\"https:\/\/riviera.adeprimo.com\/wp-content\/uploads\/2022\/02\/Copy-of-1J3B9173.-fixjpg-1-1600x1200.jpg\"\/><img loading=\"lazy\" decoding=\"async\" class=\"fullscreen-image\" src=\"https:\/\/riviera.adeprimo.com\/wp-content\/uploads\/2022\/02\/Copy-of-1J3B9173.-fixjpg-1-1600x1200.jpg\" alt=\"\" width=\"2560\" height=\"1707\"\/><\/picture><\/li><\/ul><\/div><\/div><\/div>\r\n","protected":false},"excerpt":{"rendered":"","protected":false},"author":1,"featured_media":0,"parent":0,"menu_order":0,"comment_status":"closed","ping_status":"closed","template":"","meta":{"_acf_changed":false,"footnotes":""},"class_list":["post-784","page","type-page","status-publish","hentry"],"acf":[],"yoast_head":"<!-- This site is optimized with the Yoast SEO plugin v27.3 - https:\/\/yoast.com\/product\/yoast-seo-wordpress\/ -->\n<title>Pool &amp; Wellness - Riviera<\/title>\n<meta name=\"robots\" content=\"noindex, follow, max-snippet:-1, max-image-preview:large, max-video-preview:-1\" \/>\n<meta property=\"og:locale\" content=\"en_US\" \/>\n<meta property=\"og:type\" content=\"article\" \/>\n<meta property=\"og:title\" content=\"Pool &amp; Wellness - Riviera\" \/>\n<meta property=\"og:url\" content=\"https:\/\/riviera-beta.adeprimo.com\/en\/pool-wellness\/\" \/>\n<meta property=\"og:site_name\" content=\"Riviera\" \/>\n<meta property=\"article:modified_time\" content=\"2022-02-01T11:01:30+00:00\" \/>\n<meta property=\"og:image\" content=\"https:\/\/riviera.adeprimo.com\/wp-content\/uploads\/2022\/01\/Rektangel-6-copy.jpg\" \/>\n<meta name=\"twitter:card\" content=\"summary_large_image\" \/>\n<meta name=\"twitter:label1\" content=\"Est. reading time\" \/>\n\t<meta name=\"twitter:data1\" content=\"1 minute\" \/>\n<script type=\"application\/ld+json\" class=\"yoast-schema-graph\">{\"@context\":\"https:\\\/\\\/schema.org\",\"@graph\":[{\"@type\":\"WebPage\",\"@id\":\"https:\\\/\\\/riviera-beta.adeprimo.com\\\/en\\\/pool-wellness\\\/\",\"url\":\"https:\\\/\\\/riviera-beta.adeprimo.com\\\/en\\\/pool-wellness\\\/\",\"name\":\"Pool & Wellness - Riviera\",\"isPartOf\":{\"@id\":\"https:\\\/\\\/riviera-beta.adeprimo.com\\\/en\\\/#website\"},\"primaryImageOfPage\":{\"@id\":\"https:\\\/\\\/riviera-beta.adeprimo.com\\\/en\\\/pool-wellness\\\/#primaryimage\"},\"image\":{\"@id\":\"https:\\\/\\\/riviera-beta.adeprimo.com\\\/en\\\/pool-wellness\\\/#primaryimage\"},\"thumbnailUrl\":\"https:\\\/\\\/riviera.adeprimo.com\\\/wp-content\\\/uploads\\\/2022\\\/01\\\/Rektangel-6-copy.jpg\",\"datePublished\":\"2022-02-01T11:01:25+00:00\",\"dateModified\":\"2022-02-01T11:01:30+00:00\",\"breadcrumb\":{\"@id\":\"https:\\\/\\\/riviera-beta.adeprimo.com\\\/en\\\/pool-wellness\\\/#breadcrumb\"},\"inLanguage\":\"en-US\",\"potentialAction\":[{\"@type\":\"ReadAction\",\"target\":[\"https:\\\/\\\/riviera-beta.adeprimo.com\\\/en\\\/pool-wellness\\\/\"]}]},{\"@type\":\"ImageObject\",\"inLanguage\":\"en-US\",\"@id\":\"https:\\\/\\\/riviera-beta.adeprimo.com\\\/en\\\/pool-wellness\\\/#primaryimage\",\"url\":\"https:\\\/\\\/riviera.adeprimo.com\\\/wp-content\\\/uploads\\\/2022\\\/01\\\/Rektangel-6-copy.jpg\",\"contentUrl\":\"https:\\\/\\\/riviera.adeprimo.com\\\/wp-content\\\/uploads\\\/2022\\\/01\\\/Rektangel-6-copy.jpg\"},{\"@type\":\"BreadcrumbList\",\"@id\":\"https:\\\/\\\/riviera-beta.adeprimo.com\\\/en\\\/pool-wellness\\\/#breadcrumb\",\"itemListElement\":[{\"@type\":\"ListItem\",\"position\":1,\"name\":\"Home\",\"item\":\"https:\\\/\\\/riviera-beta.adeprimo.com\\\/en\\\/\"},{\"@type\":\"ListItem\",\"position\":2,\"name\":\"Pool &#038; Wellness\"}]},{\"@type\":\"WebSite\",\"@id\":\"https:\\\/\\\/riviera-beta.adeprimo.com\\\/en\\\/#website\",\"url\":\"https:\\\/\\\/riviera-beta.adeprimo.com\\\/en\\\/\",\"name\":\"Riviera\",\"description\":\"Riviera utveckling\",\"potentialAction\":[{\"@type\":\"SearchAction\",\"target\":{\"@type\":\"EntryPoint\",\"urlTemplate\":\"https:\\\/\\\/riviera-beta.adeprimo.com\\\/en\\\/?s={search_term_string}\"},\"query-input\":{\"@type\":\"PropertyValueSpecification\",\"valueRequired\":true,\"valueName\":\"search_term_string\"}}],\"inLanguage\":\"en-US\"}]}<\/script>\n<!-- \/ Yoast SEO plugin. -->","yoast_head_json":{"title":"Pool & Wellness - Riviera","robots":{"index":"noindex","follow":"follow","max-snippet":"max-snippet:-1","max-image-preview":"max-image-preview:large","max-video-preview":"max-video-preview:-1"},"og_locale":"en_US","og_type":"article","og_title":"Pool & Wellness - Riviera","og_url":"https:\/\/riviera-beta.adeprimo.com\/en\/pool-wellness\/","og_site_name":"Riviera","article_modified_time":"2022-02-01T11:01:30+00:00","og_image":[{"url":"https:\/\/riviera.adeprimo.com\/wp-content\/uploads\/2022\/01\/Rektangel-6-copy.jpg","type":"","width":"","height":""}],"twitter_card":"summary_large_image","twitter_misc":{"Est. reading time":"1 minute"},"schema":{"@context":"https:\/\/schema.org","@graph":[{"@type":"WebPage","@id":"https:\/\/riviera-beta.adeprimo.com\/en\/pool-wellness\/","url":"https:\/\/riviera-beta.adeprimo.com\/en\/pool-wellness\/","name":"Pool & Wellness - Riviera","isPartOf":{"@id":"https:\/\/riviera-beta.adeprimo.com\/en\/#website"},"primaryImageOfPage":{"@id":"https:\/\/riviera-beta.adeprimo.com\/en\/pool-wellness\/#primaryimage"},"image":{"@id":"https:\/\/riviera-beta.adeprimo.com\/en\/pool-wellness\/#primaryimage"},"thumbnailUrl":"https:\/\/riviera.adeprimo.com\/wp-content\/uploads\/2022\/01\/Rektangel-6-copy.jpg","datePublished":"2022-02-01T11:01:25+00:00","dateModified":"2022-02-01T11:01:30+00:00","breadcrumb":{"@id":"https:\/\/riviera-beta.adeprimo.com\/en\/pool-wellness\/#breadcrumb"},"inLanguage":"en-US","potentialAction":[{"@type":"ReadAction","target":["https:\/\/riviera-beta.adeprimo.com\/en\/pool-wellness\/"]}]},{"@type":"ImageObject","inLanguage":"en-US","@id":"https:\/\/riviera-beta.adeprimo.com\/en\/pool-wellness\/#primaryimage","url":"https:\/\/riviera.adeprimo.com\/wp-content\/uploads\/2022\/01\/Rektangel-6-copy.jpg","contentUrl":"https:\/\/riviera.adeprimo.com\/wp-content\/uploads\/2022\/01\/Rektangel-6-copy.jpg"},{"@type":"BreadcrumbList","@id":"https:\/\/riviera-beta.adeprimo.com\/en\/pool-wellness\/#breadcrumb","itemListElement":[{"@type":"ListItem","position":1,"name":"Home","item":"https:\/\/riviera-beta.adeprimo.com\/en\/"},{"@type":"ListItem","position":2,"name":"Pool &#038; Wellness"}]},{"@type":"WebSite","@id":"https:\/\/riviera-beta.adeprimo.com\/en\/#website","url":"https:\/\/riviera-beta.adeprimo.com\/en\/","name":"Riviera","description":"Riviera utveckling","potentialAction":[{"@type":"SearchAction","target":{"@type":"EntryPoint","urlTemplate":"https:\/\/riviera-beta.adeprimo.com\/en\/?s={search_term_string}"},"query-input":{"@type":"PropertyValueSpecification","valueRequired":true,"valueName":"search_term_string"}}],"inLanguage":"en-US"}]}},"publishpress_future_action":{"enabled":false,"date":"2026-04-24 09:28:55","action":"change-status","newStatus":"draft","terms":[],"taxonomy":"translation_priority","extraData":[]},"publishpress_future_workflow_manual_trigger":{"enabledWorkflows":[]},"_links":{"self":[{"href":"https:\/\/riviera-beta.adeprimo.com\/en\/wp-json\/wp\/v2\/pages\/784","targetHints":{"allow":["GET"]}}],"collection":[{"href":"https:\/\/riviera-beta.adeprimo.com\/en\/wp-json\/wp\/v2\/pages"}],"about":[{"href":"https:\/\/riviera-beta.adeprimo.com\/en\/wp-json\/wp\/v2\/types\/page"}],"author":[{"embeddable":true,"href":"https:\/\/riviera-beta.adeprimo.com\/en\/wp-json\/wp\/v2\/users\/1"}],"replies":[{"embeddable":true,"href":"https:\/\/riviera-beta.adeprimo.com\/en\/wp-json\/wp\/v2\/comments?post=784"}],"version-history":[{"count":3,"href":"https:\/\/riviera-beta.adeprimo.com\/en\/wp-json\/wp\/v2\/pages\/784\/revisions"}],"predecessor-version":[{"id":787,"href":"https:\/\/riviera-beta.adeprimo.com\/en\/wp-json\/wp\/v2\/pages\/784\/revisions\/787"}],"wp:attachment":[{"href":"https:\/\/riviera-beta.adeprimo.com\/en\/wp-json\/wp\/v2\/media?parent=784"}],"curies":[{"name":"wp","href":"https:\/\/api.w.org\/{rel}","templated":true}]}}